{"id":231,"date":"2025-03-18T12:10:43","date_gmt":"2025-03-18T12:10:43","guid":{"rendered":"https:\/\/lektonen.dk\/?page_id=231"},"modified":"2025-03-21T07:06:41","modified_gmt":"2025-03-21T07:06:41","slug":"menu","status":"publish","type":"page","link":"https:\/\/lektonen.dk\/index.php\/menu\/","title":{"rendered":"Menu"},"content":{"rendered":"<section class=\"bde-section-231-101 bde-section\">\n  \n  \n\t\n\n\n\n<div class=\"section-container\"><div class=\"bde-columns-231-102 bde-columns\"><div class=\"bde-column-231-103 bde-column\">\n  \n  \n\t\n\n\n\n<a class=\"bde-container-link-231-104 bde-container-link breakdance-link\" href=\"https:\/\/lektonen.dk\/\" target=\"_self\" data-type=\"url\">\n  \n  \n\t\n\n\n\n<img decoding=\"async\" class=\"bde-image2-231-105 bde-image2\" src=\"https:\/\/lektonen.dk\/wp-content\/uploads\/2025\/03\/logoScreensWhiteBlackNoBg.png\" loading=\"lazy\" srcset=\"https:\/\/lektonen.dk\/wp-content\/uploads\/2025\/03\/logoScreensWhiteBlackNoBg.png 959w, https:\/\/lektonen.dk\/wp-content\/uploads\/2025\/03\/logoScreensWhiteBlackNoBg-300x81.png 300w, https:\/\/lektonen.dk\/wp-content\/uploads\/2025\/03\/logoScreensWhiteBlackNoBg-768x208.png 768w, https:\/\/lektonen.dk\/wp-content\/uploads\/2025\/03\/logoScreensWhiteBlackNoBg-600x163.png 600w\" sizes=\"(max-width: 959px) 100vw, 959px\" data-entrance=\"zoomIn\">\n\n<\/a>\n<\/div><div class=\"bde-column-231-106 bde-column\">\n  \n  \n\t\n\n\n\n\n<\/div><div class=\"bde-column-231-107 bde-column\">\n  \n  \n\t\n\n\n\n<div class=\"bde-menu-231-108 bde-menu bde-preset-f790c1cd-dae5-4ae5-ba03-e26aa154c67c\">\n\n\n      \n        \n    <nav class=\"breakdance-menu breakdance-menu--collapse    \">\n    <button class=\"breakdance-menu-toggle breakdance-menu-toggle--squeeze\" type=\"button\" aria-label=\"Open Menu\" aria-expanded=\"false\" aria-controls=\"menu-108\">\n                  <span class=\"breakdance-menu-toggle-icon\">\n            <span class=\"breakdance-menu-toggle-lines\"><\/span>\n          <\/span>\n            <\/button>\n    \n  <ul class=\"breakdance-menu-list\" id=\"menu-108\">\n              \n      <li class=\"breakdance-menu-topbar\">\n              <span class=\"breakdance-menu-topbar-logo\">\n                            <img decoding=\"async\" src=\"https:\/\/lektonen.dk\/wp-content\/uploads\/2025\/03\/logoScreensBlackNoBg512.png\" alt=\"\" width=\"\" \/>\n                          <\/span>\n      \n              <button class=\"breakdance-menu-close-button\" type=\"button\">Close<\/button>\n          <\/li>\n  \n    <li class=\"breakdance-menu-item-231-109 breakdance-menu-item\">\n        \n            \n            \n\n    \n    \n    \n    \n    \n    <a class=\"breakdance-link breakdance-menu-link\" href=\"#\" target=\"_self\" data-type=\"url\"  >\n  Start  her\n    <\/a>\n\n<\/li><li class=\"bde-menu-dropdown-231-110 bde-menu-dropdown breakdance-menu-item\">\n<div class=\"breakdance-dropdown \">\n    <div class=\"breakdance-dropdown-toggle\">\n            \n              <button class=\"breakdance-menu-link\" type=\"button\" aria-expanded=\"false\" aria-controls=\"dropdown-110\" >\n          Serviceydelser\n        <\/button>\n      \n      <button class=\"breakdance-menu-link-arrow\" type=\"button\" aria-expanded=\"false\" aria-controls=\"dropdown-110\" aria-label=\"Serviceydelser Submenu\"><\/button>\n    <\/div>\n\n    <div class=\"breakdance-dropdown-floater\" aria-hidden=\"true\" id=\"dropdown-110\">\n        <div class=\"breakdance-dropdown-body\">\n              <div class=\"breakdance-dropdown-section breakdance-dropdown-section--\">\n    <div class=\"breakdance-dropdown-columns\">\n              <div class=\"breakdance-dropdown-column breakdance-dropdown-column--collapsible\">\n                      <span class=\"breakdance-dropdown-column__title\" role=\"heading\" aria-level=\"3\">App Udvikling<\/span>\n          \n          <ul class=\"breakdance-dropdown-links\">\n                                <li class=\"breakdance-dropdown-item\">\n            \n            \n            \n\n    \n    \n    \n    \n    \n    <a class=\"breakdance-link breakdance-dropdown-link\" href=\"#\" target=\"_self\" data-type=\"\"  >\n\n      \n      <span class=\"breakdance-dropdown-link__label\">\n                  <span class=\"breakdance-dropdown-link__text\">Hybrid apps p\u00e5 mobil & tablet<\/span>\n        \n                  <span class=\"breakdance-dropdown-link__description\">Android og iOS apps udviklet med Flutter Framework<\/span>\n              <\/span>\n        <\/a>\n\n  <\/li>\n\n                      <\/ul>\n        <\/div>\n          <\/div>\n  <\/div>\n\n\n                          <div class=\"breakdance-dropdown-section breakdance-dropdown-section--additional\">\n    <div class=\"breakdance-dropdown-columns\">\n              <div class=\"breakdance-dropdown-column breakdance-dropdown-column--collapsible\">\n                      <span class=\"breakdance-dropdown-column__title\" role=\"heading\" aria-level=\"3\">Web udvikling<\/span>\n          \n          <ul class=\"breakdance-dropdown-links\">\n                                <li class=\"breakdance-dropdown-item\">\n            \n            \n            \n\n    \n    \n    \n    \n    \n    <a class=\"breakdance-link breakdance-dropdown-link\" href=\"#\" target=\"_self\" data-type=\"\"  >\n\n      \n      <span class=\"breakdance-dropdown-link__label\">\n                  <span class=\"breakdance-dropdown-link__text\">Standard hjemmeside<\/span>\n        \n                  <span class=\"breakdance-dropdown-link__description\">En hjemmeside med de mest n\u00f8dvendige features<\/span>\n              <\/span>\n        <\/a>\n\n  <\/li>\n\n                                <li class=\"breakdance-dropdown-item\">\n            \n            \n            \n\n    \n    \n    \n    \n    \n    <a class=\"breakdance-link breakdance-dropdown-link\" href=\"#\" target=\"_self\" data-type=\"\"  >\n\n      \n      <span class=\"breakdance-dropdown-link__label\">\n                  <span class=\"breakdance-dropdown-link__text\">Premium Hjemmeside <\/span>\n        \n                  <span class=\"breakdance-dropdown-link__description\">F\u00e5 en skr\u00e6ddersyet hjemmeside med alle de features du har brug for<\/span>\n              <\/span>\n        <\/a>\n\n  <\/li>\n\n                      <\/ul>\n        <\/div>\n          <\/div>\n  <\/div>\n\n                  <\/div>\n    <\/div>\n<\/div>\n\n<\/li><li class=\"bde-menu-dropdown-231-111 bde-menu-dropdown breakdance-menu-item\">\n<div class=\"breakdance-dropdown \">\n    <div class=\"breakdance-dropdown-toggle\">\n            \n              <button class=\"breakdance-menu-link\" type=\"button\" aria-expanded=\"false\" aria-controls=\"dropdown-111\" >\n          Udvikling & design\n        <\/button>\n      \n      <button class=\"breakdance-menu-link-arrow\" type=\"button\" aria-expanded=\"false\" aria-controls=\"dropdown-111\" aria-label=\"Udvikling & design Submenu\"><\/button>\n    <\/div>\n\n    <div class=\"breakdance-dropdown-floater\" aria-hidden=\"true\" id=\"dropdown-111\">\n        <div class=\"breakdance-dropdown-body\">\n              <div class=\"breakdance-dropdown-section breakdance-dropdown-section--\">\n    <div class=\"breakdance-dropdown-columns\">\n              <div class=\"breakdance-dropdown-column breakdance-dropdown-column--collapsible\">\n                      <span class=\"breakdance-dropdown-column__title\" role=\"heading\" aria-level=\"3\">Documentation<\/span>\n          \n          <ul class=\"breakdance-dropdown-links\">\n                                <li class=\"breakdance-dropdown-item\">\n            \n            \n            \n\n    \n    \n    \n    \n    \n    <a class=\"breakdance-link breakdance-dropdown-link\" href=\"#\" target=\"_self\" data-type=\"\"  >\n\n      \n      <span class=\"breakdance-dropdown-link__label\">\n                  <span class=\"breakdance-dropdown-link__text\">Getting Started Guide<\/span>\n        \n              <\/span>\n        <\/a>\n\n  <\/li>\n\n                                <li class=\"breakdance-dropdown-item\">\n            \n            \n            \n\n    \n    \n    \n    \n    \n    <a class=\"breakdance-link breakdance-dropdown-link\" href=\"#\" target=\"_self\" data-type=\"\"  >\n\n      \n      <span class=\"breakdance-dropdown-link__label\">\n                  <span class=\"breakdance-dropdown-link__text\">API Reference<\/span>\n        \n              <\/span>\n        <\/a>\n\n  <\/li>\n\n                                <li class=\"breakdance-dropdown-item\">\n            \n            \n            \n\n    \n    \n    \n    \n    \n    <a class=\"breakdance-link breakdance-dropdown-link\" href=\"#\" target=\"_self\" data-type=\"\"  >\n\n      \n      <span class=\"breakdance-dropdown-link__label\">\n                  <span class=\"breakdance-dropdown-link__text\">Sample Code<\/span>\n        \n              <\/span>\n        <\/a>\n\n  <\/li>\n\n                                <li class=\"breakdance-dropdown-item\">\n            \n            \n            \n\n    \n    \n    \n    \n    \n    <a class=\"breakdance-link breakdance-dropdown-link\" href=\"#\" target=\"_self\" data-type=\"\"  >\n\n      \n      <span class=\"breakdance-dropdown-link__label\">\n                  <span class=\"breakdance-dropdown-link__text\">Plugin Developer Handbook<\/span>\n        \n              <\/span>\n        <\/a>\n\n  <\/li>\n\n                      <\/ul>\n        <\/div>\n              <div class=\"breakdance-dropdown-column breakdance-dropdown-column--collapsible\">\n                      <span class=\"breakdance-dropdown-column__title\" role=\"heading\" aria-level=\"3\">Developer Community<\/span>\n          \n          <ul class=\"breakdance-dropdown-links\">\n                                <li class=\"breakdance-dropdown-item\">\n            \n            \n            \n\n    \n    \n    \n    \n    \n    <a class=\"breakdance-link breakdance-dropdown-link\" href=\"#\" target=\"_self\" data-type=\"\"  >\n\n      \n      <span class=\"breakdance-dropdown-link__label\">\n                  <span class=\"breakdance-dropdown-link__text\">Forums<\/span>\n        \n              <\/span>\n        <\/a>\n\n  <\/li>\n\n                                <li class=\"breakdance-dropdown-item\">\n            \n            \n            \n\n    \n    \n    \n    \n    \n    <a class=\"breakdance-link breakdance-dropdown-link\" href=\"#\" target=\"_self\" data-type=\"\"  >\n\n      \n      <span class=\"breakdance-dropdown-link__label\">\n                  <span class=\"breakdance-dropdown-link__text\">Slack Channel<\/span>\n        \n              <\/span>\n        <\/a>\n\n  <\/li>\n\n                                <li class=\"breakdance-dropdown-item\">\n            \n            \n            \n\n    \n    \n    \n    \n    \n    <a class=\"breakdance-link breakdance-dropdown-link\" href=\"#\" target=\"_self\" data-type=\"\"  >\n\n      \n      <span class=\"breakdance-dropdown-link__label\">\n                  <span class=\"breakdance-dropdown-link__text\">Facebook Group<\/span>\n        \n              <\/span>\n        <\/a>\n\n  <\/li>\n\n                      <\/ul>\n        <\/div>\n          <\/div>\n  <\/div>\n\n\n                    <\/div>\n    <\/div>\n<\/div>\n\n<\/li><li class=\"bde-menu-custom-dropdown-231-112 bde-menu-custom-dropdown breakdance-menu-item\">\n<div class=\"breakdance-dropdown breakdance-dropdown--custom breakdance-dropdown--with-link\">\n    <div class=\"breakdance-dropdown-toggle\">\n            \n                      \n            \n            \n\n    \n    \n    \n    \n    \n    <a class=\"breakdance-link breakdance-menu-link\" href=\"https:\/\/lektonen.dk\/\" target=\"_self\" data-type=\"url\" aria-expanded=\"false\" aria-controls=\"dropdown-112\" >\n\n          Om os\n            <\/a>\n\n      \n      <button class=\"breakdance-menu-link-arrow\" type=\"button\" aria-expanded=\"false\" aria-controls=\"dropdown-112\" aria-label=\"Om os Submenu\"><\/button>\n    <\/div>\n\n    <div class=\"breakdance-dropdown-floater\" aria-hidden=\"true\" id=\"dropdown-112\">\n        <div class=\"breakdance-dropdown-body\">\n            <div class=\"breakdance-dropdown-custom-content\">\n                <h5 class=\"bde-heading-231-113 bde-heading\">\nOm Lektonen.dk\n<\/h5><div class=\"bde-text-231-114 bde-text\">\nVi leverer skr\u00e6ddersyet l\u00f8sninger p\u00e5 App og Web. Kontakt os for et uforpligtende tilbud.\n<\/div><div class=\"bde-image-231-115 bde-image\">\n<figure class=\"breakdance-image breakdance-image---1\">\n\t<div class=\"breakdance-image-container\">\n\t\t<div class=\"breakdance-image-clip\"><img decoding=\"async\" class=\"breakdance-image-object\" src=\"https:\/\/images.unsplash.com\/photo-1573164574472-797cdf4a583a?ixlib=rb-1.2.1&ixid=MnwxMjA3fDB8MHxwaG90by1wYWdlfHx8fGVufDB8fHx8&auto=format&fit=crop&w=600&q=80\"><\/div>\n\t<\/div><\/figure>\n\n<\/div>\n            <\/div>\n        <\/div>\n    <\/div>\n<\/div>\n\n<\/li><li class=\"bde-button-231-116 bde-button breakdance-menu-item\">\n    \n                                    \n    \n    \n    \n    \n            \n                    \n            \n            \n\n    \n    \n    \n    \n    \n    <a class=\"breakdance-link button-atom button-atom--primary bde-button__button\" href=\"https:\/\/lektonen.dk\/index.php\/kontakt-os\/\" target=\"_self\" data-type=\"url\"  >\n\n    \n        <span class=\"button-atom__text\">Kontakt<\/span>\n\n        \n        \n                <\/a>\n\n    \n\n\n<\/li>\n  <\/ul>\n  <\/nav>\n\n\n<\/div>\n<\/div><\/div><\/div>\n<\/section>","protected":false},"excerpt":{"rendered":"<p>Close Start her Serviceydelser App Udvikling Hybrid apps p\u00e5 mobil &#038; tablet Android og iOS apps udviklet med Flutter Framework Web udvikling Standard hjemmeside En hjemmeside med de mest n\u00f8dvendige features Premium Hjemmeside F\u00e5 en skr\u00e6ddersyet hjemmeside med alle de features du har brug for Udvikling &#038; design Documentation Getting Started Guide API Reference Sample [&hellip;]<\/p>\n","protected":false},"author":1,"featured_media":0,"parent":0,"menu_order":0,"comment_status":"closed","ping_status":"closed","template":"","meta":{"_breakdance_hide_in_design_set":false,"_breakdance_tags":"","footnotes":""},"class_list":["post-231","page","type-page","status-publish","hentry"],"yoast_head":"<!-- This site is optimized with the Yoast SEO plugin v27.4 - https:\/\/yoast.com\/product\/yoast-seo-wordpress\/ -->\n<title>Menu - Lektonen<\/title>\n<meta name=\"robots\" content=\"index, follow, max-snippet:-1, max-image-preview:large, max-video-preview:-1\" \/>\n<link rel=\"canonical\" href=\"https:\/\/lektonen.dk\/index.php\/menu\/\" \/>\n<meta property=\"og:locale\" content=\"da_DK\" \/>\n<meta property=\"og:type\" content=\"article\" \/>\n<meta property=\"og:title\" content=\"Menu - Lektonen\" \/>\n<meta property=\"og:description\" content=\"Close Start her Serviceydelser App Udvikling Hybrid apps p\u00e5 mobil &amp; tablet Android og iOS apps udviklet med Flutter Framework Web udvikling Standard hjemmeside En hjemmeside med de mest n\u00f8dvendige features Premium Hjemmeside F\u00e5 en skr\u00e6ddersyet hjemmeside med alle de features du har brug for Udvikling &amp; design Documentation Getting Started Guide API Reference Sample [&hellip;]\" \/>\n<meta property=\"og:url\" content=\"https:\/\/lektonen.dk\/index.php\/menu\/\" \/>\n<meta property=\"og:site_name\" content=\"Lektonen\" \/>\n<meta property=\"article:modified_time\" content=\"2025-03-21T07:06:41+00:00\" \/>\n<meta name=\"twitter:card\" content=\"summary_large_image\" \/>\n<meta name=\"twitter:label1\" content=\"Estimeret l\u00e6setid\" \/>\n\t<meta name=\"twitter:data1\" content=\"2 minutter\" \/>\n<script type=\"application\/ld+json\" class=\"yoast-schema-graph\">{\"@context\":\"https:\\\/\\\/schema.org\",\"@graph\":[{\"@type\":\"WebPage\",\"@id\":\"https:\\\/\\\/lektonen.dk\\\/index.php\\\/menu\\\/\",\"url\":\"https:\\\/\\\/lektonen.dk\\\/index.php\\\/menu\\\/\",\"name\":\"Menu - Lektonen\",\"isPartOf\":{\"@id\":\"https:\\\/\\\/lektonen.dk\\\/#website\"},\"datePublished\":\"2025-03-18T12:10:43+00:00\",\"dateModified\":\"2025-03-21T07:06:41+00:00\",\"breadcrumb\":{\"@id\":\"https:\\\/\\\/lektonen.dk\\\/index.php\\\/menu\\\/#breadcrumb\"},\"inLanguage\":\"da-DK\",\"potentialAction\":[{\"@type\":\"ReadAction\",\"target\":[\"https:\\\/\\\/lektonen.dk\\\/index.php\\\/menu\\\/\"]}]},{\"@type\":\"BreadcrumbList\",\"@id\":\"https:\\\/\\\/lektonen.dk\\\/index.php\\\/menu\\\/#breadcrumb\",\"itemListElement\":[{\"@type\":\"ListItem\",\"position\":1,\"name\":\"Hjem\",\"item\":\"https:\\\/\\\/lektonen.dk\\\/\"},{\"@type\":\"ListItem\",\"position\":2,\"name\":\"Menu\"}]},{\"@type\":\"WebSite\",\"@id\":\"https:\\\/\\\/lektonen.dk\\\/#website\",\"url\":\"https:\\\/\\\/lektonen.dk\\\/\",\"name\":\"Lektonen\",\"description\":\"App &amp; Web Partner\",\"potentialAction\":[{\"@type\":\"SearchAction\",\"target\":{\"@type\":\"EntryPoint\",\"urlTemplate\":\"https:\\\/\\\/lektonen.dk\\\/?s={search_term_string}\"},\"query-input\":{\"@type\":\"PropertyValueSpecification\",\"valueRequired\":true,\"valueName\":\"search_term_string\"}}],\"inLanguage\":\"da-DK\"}]}<\/script>\n<!-- \/ Yoast SEO plugin. -->","yoast_head_json":{"title":"Menu - Lektonen","robots":{"index":"index","follow":"follow","max-snippet":"max-snippet:-1","max-image-preview":"max-image-preview:large","max-video-preview":"max-video-preview:-1"},"canonical":"https:\/\/lektonen.dk\/index.php\/menu\/","og_locale":"da_DK","og_type":"article","og_title":"Menu - Lektonen","og_description":"Close Start her Serviceydelser App Udvikling Hybrid apps p\u00e5 mobil & tablet Android og iOS apps udviklet med Flutter Framework Web udvikling Standard hjemmeside En hjemmeside med de mest n\u00f8dvendige features Premium Hjemmeside F\u00e5 en skr\u00e6ddersyet hjemmeside med alle de features du har brug for Udvikling & design Documentation Getting Started Guide API Reference Sample [&hellip;]","og_url":"https:\/\/lektonen.dk\/index.php\/menu\/","og_site_name":"Lektonen","article_modified_time":"2025-03-21T07:06:41+00:00","twitter_card":"summary_large_image","twitter_misc":{"Estimeret l\u00e6setid":"2 minutter"},"schema":{"@context":"https:\/\/schema.org","@graph":[{"@type":"WebPage","@id":"https:\/\/lektonen.dk\/index.php\/menu\/","url":"https:\/\/lektonen.dk\/index.php\/menu\/","name":"Menu - Lektonen","isPartOf":{"@id":"https:\/\/lektonen.dk\/#website"},"datePublished":"2025-03-18T12:10:43+00:00","dateModified":"2025-03-21T07:06:41+00:00","breadcrumb":{"@id":"https:\/\/lektonen.dk\/index.php\/menu\/#breadcrumb"},"inLanguage":"da-DK","potentialAction":[{"@type":"ReadAction","target":["https:\/\/lektonen.dk\/index.php\/menu\/"]}]},{"@type":"BreadcrumbList","@id":"https:\/\/lektonen.dk\/index.php\/menu\/#breadcrumb","itemListElement":[{"@type":"ListItem","position":1,"name":"Hjem","item":"https:\/\/lektonen.dk\/"},{"@type":"ListItem","position":2,"name":"Menu"}]},{"@type":"WebSite","@id":"https:\/\/lektonen.dk\/#website","url":"https:\/\/lektonen.dk\/","name":"Lektonen","description":"App &amp; Web Partner","potentialAction":[{"@type":"SearchAction","target":{"@type":"EntryPoint","urlTemplate":"https:\/\/lektonen.dk\/?s={search_term_string}"},"query-input":{"@type":"PropertyValueSpecification","valueRequired":true,"valueName":"search_term_string"}}],"inLanguage":"da-DK"}]}},"_links":{"self":[{"href":"https:\/\/lektonen.dk\/index.php\/wp-json\/wp\/v2\/pages\/231","targetHints":{"allow":["GET"]}}],"collection":[{"href":"https:\/\/lektonen.dk\/index.php\/wp-json\/wp\/v2\/pages"}],"about":[{"href":"https:\/\/lektonen.dk\/index.php\/wp-json\/wp\/v2\/types\/page"}],"author":[{"embeddable":true,"href":"https:\/\/lektonen.dk\/index.php\/wp-json\/wp\/v2\/users\/1"}],"replies":[{"embeddable":true,"href":"https:\/\/lektonen.dk\/index.php\/wp-json\/wp\/v2\/comments?post=231"}],"version-history":[{"count":4,"href":"https:\/\/lektonen.dk\/index.php\/wp-json\/wp\/v2\/pages\/231\/revisions"}],"predecessor-version":[{"id":329,"href":"https:\/\/lektonen.dk\/index.php\/wp-json\/wp\/v2\/pages\/231\/revisions\/329"}],"wp:attachment":[{"href":"https:\/\/lektonen.dk\/index.php\/wp-json\/wp\/v2\/media?parent=231"}],"curies":[{"name":"wp","href":"https:\/\/api.w.org\/{rel}","templated":true}]}}